{"id":10222,"date":"2023-06-17T13:24:22","date_gmt":"2023-06-17T16:24:22","guid":{"rendered":"https:\/\/dnbe.com.br\/home\/?page_id=10222"},"modified":"2025-07-21T14:23:45","modified_gmt":"2025-07-21T17:23:45","slug":"eficiencia-energetica","status":"publish","type":"page","link":"https:\/\/dnbe.com.br\/home\/eficiencia-energetica\/","title":{"rendered":"Efici\u00eancia Energ\u00e9tica"},"content":{"rendered":"\t\t<div data-elementor-type=\"wp-page\" data-elementor-id=\"10222\" class=\"elementor elementor-10222\" data-elementor-post-type=\"page\">\n\t\t\t\t\t\t<section class=\"elementor-section elementor-top-section elementor-element elementor-element-5cf7d1c9 elementor-section-full_width elementor-section-height-default elementor-section-height-default wpr-particle-no wpr-jarallax-no wpr-parallax-no wpr-sticky-section-no wpr-equal-height-no\" data-id=\"5cf7d1c9\" data-element_type=\"section\" data-e-type=\"section\">\n\t\t\t\t\t\t<div class=\"elementor-container elementor-column-gap-default\">\n\t\t\t\t\t<div class=\"elementor-column elementor-col-100 elementor-top-column elementor-element elementor-element-3232a34f\" data-id=\"3232a34f\" data-element_type=\"column\" data-e-type=\"column\">\n\t\t\t<div class=\"elementor-widget-wrap elementor-element-populated\">\n\t\t\t\t\t\t<div class=\"elementor-element elementor-element-1d144dc8 elementor-arrows-position-inside elementor-pagination-position-outside elementor-widget elementor-widget-image-carousel\" data-id=\"1d144dc8\" data-element_type=\"widget\" data-e-type=\"widget\" data-settings=\"{&quot;slides_to_show&quot;:&quot;1&quot;,&quot;effect&quot;:&quot;fade&quot;,&quot;_animation&quot;:&quot;none&quot;,&quot;navigation&quot;:&quot;both&quot;,&quot;autoplay&quot;:&quot;yes&quot;,&quot;pause_on_hover&quot;:&quot;yes&quot;,&quot;pause_on_interaction&quot;:&quot;yes&quot;,&quot;autoplay_speed&quot;:5000,&quot;infinite&quot;:&quot;yes&quot;,&quot;speed&quot;:500}\" data-widget_type=\"image-carousel.default\">\n\t\t\t\t<div class=\"elementor-widget-container\">\n\t\t\t\t\t\t\t<div class=\"elementor-image-carousel-wrapper swiper\" role=\"region\" aria-roledescription=\"carousel\" aria-label=\"Carrossel de imagens\" dir=\"ltr\">\n\t\t\t<div class=\"elementor-image-carousel swiper-wrapper\" aria-live=\"off\">\n\t\t\t\t\t\t\t\t<div class=\"swiper-slide\" role=\"group\" aria-roledescription=\"slide\" aria-label=\"1 of 1\"><figure class=\"swiper-slide-inner\"><img decoding=\"async\" class=\"swiper-slide-image\" src=\"https:\/\/dnbe.com.br\/wp-content\/uploads\/2023\/06\/hjuho.png\" alt=\"hjuho\" \/><\/figure><\/div>\t\t\t<\/div>\n\t\t\t\t\t<\/div>\n\t\t\t\t\t\t<\/div>\n\t\t\t\t<\/div>\n\t\t\t\t\t<\/div>\n\t\t<\/div>\n\t\t\t\t\t<\/div>\n\t\t<\/section>\n\t\t\t\t<section class=\"elementor-section elementor-top-section elementor-element elementor-element-18c68a0 elementor-section-boxed elementor-section-height-default elementor-section-height-default wpr-particle-no wpr-jarallax-no wpr-parallax-no wpr-sticky-section-no wpr-equal-height-no\" data-id=\"18c68a0\" data-element_type=\"section\" data-e-type=\"section\">\n\t\t\t\t\t\t<div class=\"elementor-container elementor-column-gap-default\">\n\t\t\t\t\t<div class=\"elementor-column elementor-col-100 elementor-top-column elementor-element elementor-element-056c638\" data-id=\"056c638\" data-element_type=\"column\" data-e-type=\"column\">\n\t\t\t<div class=\"elementor-widget-wrap elementor-element-populated\">\n\t\t\t\t\t\t<div class=\"elementor-element elementor-element-7ca5c18 elementor-widget elementor-widget-heading\" data-id=\"7ca5c18\" data-element_type=\"widget\" data-e-type=\"widget\" data-widget_type=\"heading.default\">\n\t\t\t\t<div class=\"elementor-widget-container\">\n\t\t\t\t\t<h1 class=\"elementor-heading-title elementor-size-default\">An\u00e1lise de Efici\u00eancia Energ\u00e9tica em Sistemas de Ar Comprimido<\/h1>\t\t\t\t<\/div>\n\t\t\t\t<\/div>\n\t\t\t\t\t<\/div>\n\t\t<\/div>\n\t\t\t\t\t<\/div>\n\t\t<\/section>\n\t\t\t\t<section class=\"elementor-section elementor-top-section elementor-element elementor-element-b3ed4d7 elementor-section-boxed elementor-section-height-default elementor-section-height-default wpr-particle-no wpr-jarallax-no wpr-parallax-no wpr-sticky-section-no wpr-equal-height-no\" data-id=\"b3ed4d7\" data-element_type=\"section\" data-e-type=\"section\">\n\t\t\t\t\t\t<div class=\"elementor-container elementor-column-gap-default\">\n\t\t\t\t\t<div class=\"elementor-column elementor-col-100 elementor-top-column elementor-element elementor-element-b68bb95\" data-id=\"b68bb95\" data-element_type=\"column\" data-e-type=\"column\">\n\t\t\t<div class=\"elementor-widget-wrap elementor-element-populated\">\n\t\t\t\t\t\t<div class=\"elementor-element elementor-element-0c9b213 elementor-widget elementor-widget-text-editor\" data-id=\"0c9b213\" data-element_type=\"widget\" data-e-type=\"widget\" data-widget_type=\"text-editor.default\">\n\t\t\t\t<div class=\"elementor-widget-container\">\n\t\t\t\t\t\t\t\t\t<p>Voc\u00ea sabe se o seu sistema de ar comprimido est\u00e1 dimensionado de forma ideal? Conhece o seu consumo de energia? Ser\u00e1 que voc\u00ea est\u00e1 gastando mais energia do que o necess\u00e1rio? Nossa an\u00e1lise de efici\u00eancia energ\u00e9tica pode ajudar a melhorar o desempenho e a confiabilidade do seu sistema.<\/p><p>As empresas investem quantias significativas de dinheiro em ar comprimido para executar ou apoiar seus processos de produ\u00e7\u00e3o. Por isso, \u00e9 crucial ter um sistema de ar comprimido otimizado.<\/p><p>Para otimizar seus compressores de ar comprimido, \u00e9 essencial realizar uma auditoria de efici\u00eancia que identifique o comportamento do consumo de ar comprimido ao longo de um ciclo completo de opera\u00e7\u00e3o. Com base nas informa\u00e7\u00f5es coletadas durante a auditoria, como tempo em carga\/al\u00edvio de cada compressor, comportamento da amperagem e oscila\u00e7\u00e3o de press\u00e3o, \u00e9 poss\u00edvel identificar oportunidades de redu\u00e7\u00e3o de energia e estabiliza\u00e7\u00e3o da press\u00e3o na rede, proporcionando um retorno significativo sobre o investimento feito na melhoria do processo.<\/p>\t\t\t\t\t\t\t\t<\/div>\n\t\t\t\t<\/div>\n\t\t\t\t\t<\/div>\n\t\t<\/div>\n\t\t\t\t\t<\/div>\n\t\t<\/section>\n\t\t\t\t<section class=\"elementor-section elementor-top-section elementor-element elementor-element-2a59f15 elementor-section-boxed elementor-section-height-default elementor-section-height-default wpr-particle-no wpr-jarallax-no wpr-parallax-no wpr-sticky-section-no wpr-equal-height-no\" data-id=\"2a59f15\" data-element_type=\"section\" data-e-type=\"section\">\n\t\t\t\t\t\t<div class=\"elementor-container elementor-column-gap-default\">\n\t\t\t\t\t<div class=\"elementor-column elementor-col-100 elementor-top-column elementor-element elementor-element-8481f61\" data-id=\"8481f61\" data-element_type=\"column\" data-e-type=\"column\">\n\t\t\t<div class=\"elementor-widget-wrap elementor-element-populated\">\n\t\t\t\t\t\t<div class=\"elementor-element elementor-element-82a0c66 elementor-widget elementor-widget-heading\" data-id=\"82a0c66\" data-element_type=\"widget\" data-e-type=\"widget\" data-widget_type=\"heading.default\">\n\t\t\t\t<div class=\"elementor-widget-container\">\n\t\t\t\t\t<h2 class=\"elementor-heading-title elementor-size-default\">METODOLOGIA<\/h2>\t\t\t\t<\/div>\n\t\t\t\t<\/div>\n\t\t\t\t<div class=\"elementor-element elementor-element-29cce7c elementor-widget elementor-widget-text-editor\" data-id=\"29cce7c\" data-element_type=\"widget\" data-e-type=\"widget\" data-widget_type=\"text-editor.default\">\n\t\t\t\t<div class=\"elementor-widget-container\">\n\t\t\t\t\t\t\t\t\t<p>Utilizamos equipamentos dedicados, especialmente desenvolvidos para coleta de dados e an\u00e1lise de sistemas de ar comprimido. S\u00e3o coletados 3.600 dados por minuto, durante 7 dias consecutivos, 24 horas por dia.<\/p><p>Essa an\u00e1lise permitir\u00e1 obter um diagn\u00f3stico preciso de como o seu sistema est\u00e1 operando de fato.<\/p><p>Ser\u00e1 necess\u00e1rio realizar entrevistas com os usu\u00e1rios para identificar pr\u00e1ticas e procedimentos. Tamb\u00e9m ser\u00e1 feita uma elabora\u00e7\u00e3o de croqui da central de compressores, com identifica\u00e7\u00e3o de todos os componentes do sistema.<\/p>\t\t\t\t\t\t\t\t<\/div>\n\t\t\t\t<\/div>\n\t\t\t\t\t<\/div>\n\t\t<\/div>\n\t\t\t\t\t<\/div>\n\t\t<\/section>\n\t\t\t\t<section class=\"elementor-section elementor-top-section elementor-element elementor-element-b6e8f6e elementor-section-boxed elementor-section-height-default elementor-section-height-default wpr-particle-no wpr-jarallax-no wpr-parallax-no wpr-sticky-section-no wpr-equal-height-no\" data-id=\"b6e8f6e\" data-element_type=\"section\" data-e-type=\"section\">\n\t\t\t\t\t\t<div class=\"elementor-container elementor-column-gap-default\">\n\t\t\t\t\t<div class=\"elementor-column elementor-col-33 elementor-top-column elementor-element elementor-element-86e47fb\" data-id=\"86e47fb\" data-element_type=\"column\" data-e-type=\"column\" data-settings=\"{&quot;background_background&quot;:&quot;classic&quot;}\">\n\t\t\t<div class=\"elementor-widget-wrap elementor-element-populated\">\n\t\t\t\t\t\t<div class=\"elementor-element elementor-element-0a41b4e elementor-widget elementor-widget-heading\" data-id=\"0a41b4e\" data-element_type=\"widget\" data-e-type=\"widget\" data-widget_type=\"heading.default\">\n\t\t\t\t<div class=\"elementor-widget-container\">\n\t\t\t\t\t<h2 class=\"elementor-heading-title elementor-size-default\">APRESENTA\u00c7\u00c3O DOS RESULTADOS<\/h2>\t\t\t\t<\/div>\n\t\t\t\t<\/div>\n\t\t\t\t<div class=\"elementor-element elementor-element-9b80993 elementor-widget elementor-widget-text-editor\" data-id=\"9b80993\" data-element_type=\"widget\" data-e-type=\"widget\" data-widget_type=\"text-editor.default\">\n\t\t\t\t<div class=\"elementor-widget-container\">\n\t\t\t\t\t\t\t\t\t<p>Ao final da auditoria, faremos uma apresenta\u00e7\u00e3o dos resultados, exibindo todos os gr\u00e1ficos de desempenho e recomenda\u00e7\u00f5es para a melhoria do sistema. A auditoria fornecer\u00e1 um panorama completo de como os compressores de ar comprimido estavam operando no momento das leituras e apresentar\u00e1 sugest\u00f5es de op\u00e7\u00f5es para aprimorar o desempenho do sistema.<\/p><p>O relat\u00f3rio final incluir\u00e1 recomenda\u00e7\u00f5es de melhorias, como aquisi\u00e7\u00e3o ou desativa\u00e7\u00e3o de equipamentos quando necess\u00e1rio, bem como configura\u00e7\u00f5es de controles espec\u00edficos para hor\u00e1rios de pico e de baixa demanda.<\/p><p>Por fim, o relat\u00f3rio apresentar\u00e1 uma justificativa financeira, demonstrando de forma clara o retorno do investimento (ROI) em termos de valor e tempo, caso sejam recomendados investimentos adicionais.<\/p><p>N\u00e3o perca a oportunidade de otimizar seu sistema de ar comprimido e reduzir seus custos energ\u00e9ticos. Entre em contato conosco para agendar a an\u00e1lise de efici\u00eancia energ\u00e9tica em seus compressores de ar comprimido.<\/p>\t\t\t\t\t\t\t\t<\/div>\n\t\t\t\t<\/div>\n\t\t\t\t\t<\/div>\n\t\t<\/div>\n\t\t\t\t<div class=\"elementor-column elementor-col-33 elementor-top-column elementor-element elementor-element-c976ba7\" data-id=\"c976ba7\" data-element_type=\"column\" data-e-type=\"column\">\n\t\t\t<div class=\"elementor-widget-wrap\">\n\t\t\t\t\t\t\t<\/div>\n\t\t<\/div>\n\t\t\t\t<div class=\"elementor-column elementor-col-33 elementor-top-column elementor-element elementor-element-fd4be53\" data-id=\"fd4be53\" data-element_type=\"column\" data-e-type=\"column\" data-settings=\"{&quot;background_background&quot;:&quot;classic&quot;}\">\n\t\t\t<div class=\"elementor-widget-wrap elementor-element-populated\">\n\t\t\t\t\t\t<div class=\"elementor-element elementor-element-8635b4d elementor-widget elementor-widget-image\" data-id=\"8635b4d\" data-element_type=\"widget\" data-e-type=\"widget\" data-widget_type=\"image.default\">\n\t\t\t\t<div class=\"elementor-widget-container\">\n\t\t\t\t\t\t\t\t\t\t\t\t\t\t\t<img fetchpriority=\"high\" decoding=\"async\" width=\"549\" height=\"380\" src=\"https:\/\/dnbe.com.br\/wp-content\/uploads\/2023\/06\/arhg.jpg\" class=\"attachment-large size-large wp-image-10225\" alt=\"\" srcset=\"https:\/\/dnbe.com.br\/wp-content\/uploads\/2023\/06\/arhg.jpg 549w, https:\/\/dnbe.com.br\/wp-content\/uploads\/2023\/06\/arhg-300x208.jpg 300w\" sizes=\"(max-width: 549px) 100vw, 549px\" \/>\t\t\t\t\t\t\t\t\t\t\t\t\t\t\t<\/div>\n\t\t\t\t<\/div>\n\t\t\t\t<div class=\"elementor-element elementor-element-f2a49d8 elementor-widget elementor-widget-heading\" data-id=\"f2a49d8\" data-element_type=\"widget\" data-e-type=\"widget\" data-widget_type=\"heading.default\">\n\t\t\t\t<div class=\"elementor-widget-container\">\n\t\t\t\t\t<h2 class=\"elementor-heading-title elementor-size-default\">Solicite um or\u00e7amento<\/h2>\t\t\t\t<\/div>\n\t\t\t\t<\/div>\n\t\t\t\t<div class=\"elementor-element elementor-element-71ec7e0 elementor-button-align-center elementor-widget elementor-widget-form\" data-id=\"71ec7e0\" data-element_type=\"widget\" data-e-type=\"widget\" data-settings=\"{&quot;step_next_label&quot;:&quot;Enviar&quot;,&quot;step_previous_label&quot;:&quot;Anterior&quot;,&quot;button_width&quot;:&quot;100&quot;,&quot;step_type&quot;:&quot;number_text&quot;,&quot;step_icon_shape&quot;:&quot;circle&quot;}\" data-widget_type=\"form.default\">\n\t\t\t\t<div class=\"elementor-widget-container\">\n\t\t\t\t\t\t\t<form class=\"elementor-form\" method=\"post\" name=\"Efici\u00eancia Energ\u00e9tica\">\n\t\t\t<input type=\"hidden\" name=\"post_id\" value=\"10222\"\/>\n\t\t\t<input type=\"hidden\" name=\"form_id\" value=\"71ec7e0\"\/>\n\t\t\t<input type=\"hidden\" name=\"referer_title\" value=\"Efici\u00eancia Energ\u00e9tica\" \/>\n\n\t\t\t\t\t\t\t<input type=\"hidden\" name=\"queried_id\" value=\"10222\"\/>\n\t\t\t\n\t\t\t<div class=\"elementor-form-fields-wrapper elementor-labels-above\">\n\t\t\t\t\t\t\t\t<div class=\"elementor-field-type-text elementor-field-group elementor-column elementor-field-group-name elementor-col-50\">\n\t\t\t\t\t\t\t\t\t\t\t\t\t<input size=\"1\" type=\"text\" name=\"form_fields[name]\" id=\"form-field-name\" class=\"elementor-field elementor-size-sm  elementor-field-textual\" placeholder=\"Nome\">\n\t\t\t\t\t\t\t\t\t\t\t<\/div>\n\t\t\t\t\t\t\t\t<div class=\"elementor-field-type-text elementor-field-group elementor-column elementor-field-group-field_d50125d elementor-col-50\">\n\t\t\t\t\t\t\t\t\t\t\t\t\t<input size=\"1\" type=\"text\" name=\"form_fields[field_d50125d]\" id=\"form-field-field_d50125d\" class=\"elementor-field elementor-size-sm  elementor-field-textual\" placeholder=\"Empresa\">\n\t\t\t\t\t\t\t\t\t\t\t<\/div>\n\t\t\t\t\t\t\t\t<div class=\"elementor-field-type-email elementor-field-group elementor-column elementor-field-group-email elementor-col-60 elementor-field-required\">\n\t\t\t\t\t\t\t\t\t\t\t\t\t<input size=\"1\" type=\"email\" name=\"form_fields[email]\" id=\"form-field-email\" class=\"elementor-field elementor-size-sm  elementor-field-textual\" placeholder=\"Email\" required=\"required\" aria-required=\"true\">\n\t\t\t\t\t\t\t\t\t\t\t<\/div>\n\t\t\t\t\t\t\t\t<div class=\"elementor-field-type-tel elementor-field-group elementor-column elementor-field-group-field_8383328 elementor-col-40 elementor-field-required\">\n\t\t\t\t\t\t\t<input size=\"1\" type=\"tel\" name=\"form_fields[field_8383328]\" id=\"form-field-field_8383328\" class=\"elementor-field elementor-size-sm  elementor-field-textual\" placeholder=\"Telefone\" required=\"required\" aria-required=\"true\" pattern=\"[0-9()#&amp;+*-=.]+\" title=\"Only numbers and phone characters (#, -, *, etc) are accepted.\">\n\n\t\t\t\t\t\t<\/div>\n\t\t\t\t\t\t\t\t<div class=\"elementor-field-type-textarea elementor-field-group elementor-column elementor-field-group-message elementor-col-100\">\n\t\t\t\t\t<textarea class=\"elementor-field-textual elementor-field  elementor-size-sm\" name=\"form_fields[message]\" id=\"form-field-message\" rows=\"4\" placeholder=\"Messagem\"><\/textarea>\t\t\t\t<\/div>\n\t\t\t\t\t\t\t\t<div class=\"elementor-field-group elementor-column elementor-field-type-submit elementor-col-100 e-form__buttons\">\n\t\t\t\t\t<button class=\"elementor-button elementor-size-sm\" type=\"submit\">\n\t\t\t\t\t\t<span class=\"elementor-button-content-wrapper\">\n\t\t\t\t\t\t\t\t\t\t\t\t\t\t\t\t\t\t\t\t\t\t<span class=\"elementor-button-text\">Enviar<\/span>\n\t\t\t\t\t\t\t\t\t\t\t\t\t<\/span>\n\t\t\t\t\t<\/button>\n\t\t\t\t<\/div>\n\t\t\t<\/div>\n\t\t<\/form>\n\t\t\t\t\t\t<\/div>\n\t\t\t\t<\/div>\n\t\t\t\t\t<\/div>\n\t\t<\/div>\n\t\t\t\t\t<\/div>\n\t\t<\/section>\n\t\t\t\t<\/div>\n\t\t","protected":false},"excerpt":{"rendered":"<p>An\u00e1lise de Efici\u00eancia Energ\u00e9tica em Sistemas de Ar Comprimido Voc\u00ea sabe se o seu sistema de ar comprimido est\u00e1 dimensionado de forma ideal? Conhece o seu consumo de energia? Ser\u00e1 que voc\u00ea est\u00e1 gastando mais energia do que o necess\u00e1rio? Nossa an\u00e1lise de efici\u00eancia energ\u00e9tica pode ajudar a melhorar o desempenho e a confiabilidade do seu sistema. As empresas investem quantias significativas de dinheiro em ar comprimido para executar ou apoiar seus processos de produ\u00e7\u00e3o. Por isso, \u00e9 crucial ter um sistema de ar comprimido otimizado. Para otimizar seus compressores de ar comprimido, \u00e9 essencial realizar uma auditoria de efici\u00eancia que identifique o comportamento do consumo de ar comprimido ao longo de um ciclo completo de opera\u00e7\u00e3o. Com base nas informa\u00e7\u00f5es coletadas durante a auditoria, como tempo em carga\/al\u00edvio de cada compressor, comportamento da amperagem e oscila\u00e7\u00e3o de press\u00e3o, \u00e9 poss\u00edvel identificar oportunidades de redu\u00e7\u00e3o de energia e estabiliza\u00e7\u00e3o da press\u00e3o na rede, proporcionando um retorno significativo sobre o investimento feito na melhoria do processo. METODOLOGIA Utilizamos equipamentos dedicados, especialmente desenvolvidos para coleta de dados e an\u00e1lise de sistemas de ar comprimido. S\u00e3o coletados 3.600 dados por minuto, durante 7 dias consecutivos, 24 horas por dia. Essa an\u00e1lise permitir\u00e1 obter um diagn\u00f3stico preciso de como o seu sistema est\u00e1 operando de fato. Ser\u00e1 necess\u00e1rio realizar entrevistas com os usu\u00e1rios para identificar pr\u00e1ticas e procedimentos. Tamb\u00e9m ser\u00e1 feita uma elabora\u00e7\u00e3o de croqui da central de compressores, com identifica\u00e7\u00e3o de todos os componentes do sistema. APRESENTA\u00c7\u00c3O DOS RESULTADOS Ao final da auditoria, faremos uma apresenta\u00e7\u00e3o dos resultados, exibindo todos os gr\u00e1ficos de desempenho e recomenda\u00e7\u00f5es para a melhoria do sistema. A auditoria fornecer\u00e1 um panorama completo de como os compressores de ar comprimido estavam operando no momento das leituras e apresentar\u00e1 sugest\u00f5es de op\u00e7\u00f5es para aprimorar o desempenho do sistema. O relat\u00f3rio final incluir\u00e1 recomenda\u00e7\u00f5es de melhorias, como aquisi\u00e7\u00e3o ou desativa\u00e7\u00e3o de equipamentos quando necess\u00e1rio, bem como configura\u00e7\u00f5es de controles espec\u00edficos para hor\u00e1rios de pico e de baixa demanda. Por fim, o relat\u00f3rio apresentar\u00e1 uma justificativa financeira, demonstrando de forma clara o retorno do investimento (ROI) em termos de valor e tempo, caso sejam recomendados investimentos adicionais. N\u00e3o perca a oportunidade de otimizar seu sistema de ar comprimido e reduzir seus custos energ\u00e9ticos. Entre em contato conosco para agendar a an\u00e1lise de efici\u00eancia energ\u00e9tica em seus compressores de ar comprimido. Solicite um or\u00e7amento<\/p>\n","protected":false},"author":1,"featured_media":0,"parent":0,"menu_order":0,"comment_status":"closed","ping_status":"closed","template":"","meta":{"footnotes":""},"class_list":["post-10222","page","type-page","status-publish","hentry"],"_links":{"self":[{"href":"https:\/\/dnbe.com.br\/home\/wp-json\/wp\/v2\/pages\/10222","targetHints":{"allow":["GET"]}}],"collection":[{"href":"https:\/\/dnbe.com.br\/home\/wp-json\/wp\/v2\/pages"}],"about":[{"href":"https:\/\/dnbe.com.br\/home\/wp-json\/wp\/v2\/types\/page"}],"author":[{"embeddable":true,"href":"https:\/\/dnbe.com.br\/home\/wp-json\/wp\/v2\/users\/1"}],"replies":[{"embeddable":true,"href":"https:\/\/dnbe.com.br\/home\/wp-json\/wp\/v2\/comments?post=10222"}],"version-history":[{"count":16,"href":"https:\/\/dnbe.com.br\/home\/wp-json\/wp\/v2\/pages\/10222\/revisions"}],"predecessor-version":[{"id":11968,"href":"https:\/\/dnbe.com.br\/home\/wp-json\/wp\/v2\/pages\/10222\/revisions\/11968"}],"wp:attachment":[{"href":"https:\/\/dnbe.com.br\/home\/wp-json\/wp\/v2\/media?parent=10222"}],"curies":[{"name":"wp","href":"https:\/\/api.w.org\/{rel}","templated":true}]}}