{"id":8352,"date":"2023-01-03T14:40:58","date_gmt":"2023-01-03T17:40:58","guid":{"rendered":"https:\/\/dnbe.com.br\/home\/?page_id=8352"},"modified":"2026-04-14T12:11:27","modified_gmt":"2026-04-14T15:11:27","slug":"caca-vazamento","status":"publish","type":"page","link":"https:\/\/dnbe.com.br\/home\/caca-vazamento\/","title":{"rendered":"Ca\u00e7a Vazamento"},"content":{"rendered":"\t\t<div data-elementor-type=\"wp-page\" data-elementor-id=\"8352\" class=\"elementor elementor-8352\" data-elementor-post-type=\"page\">\n\t\t\t\t\t\t<section class=\"elementor-section elementor-top-section elementor-element elementor-element-5cf7d1c9 elementor-section-full_width elementor-section-height-default elementor-section-height-default wpr-particle-no wpr-jarallax-no wpr-parallax-no wpr-sticky-section-no wpr-equal-height-no\" data-id=\"5cf7d1c9\" data-element_type=\"section\" data-e-type=\"section\">\n\t\t\t\t\t\t<div class=\"elementor-container elementor-column-gap-default\">\n\t\t\t\t\t<div class=\"elementor-column elementor-col-100 elementor-top-column elementor-element elementor-element-3232a34f\" data-id=\"3232a34f\" data-element_type=\"column\" data-e-type=\"column\">\n\t\t\t<div class=\"elementor-widget-wrap elementor-element-populated\">\n\t\t\t\t\t\t<div class=\"elementor-element elementor-element-1d144dc8 elementor-arrows-position-inside elementor-pagination-position-outside elementor-widget elementor-widget-image-carousel\" data-id=\"1d144dc8\" data-element_type=\"widget\" data-e-type=\"widget\" data-settings=\"{&quot;slides_to_show&quot;:&quot;1&quot;,&quot;effect&quot;:&quot;fade&quot;,&quot;_animation&quot;:&quot;none&quot;,&quot;navigation&quot;:&quot;both&quot;,&quot;autoplay&quot;:&quot;yes&quot;,&quot;pause_on_hover&quot;:&quot;yes&quot;,&quot;pause_on_interaction&quot;:&quot;yes&quot;,&quot;autoplay_speed&quot;:5000,&quot;infinite&quot;:&quot;yes&quot;,&quot;speed&quot;:500}\" data-widget_type=\"image-carousel.default\">\n\t\t\t\t<div class=\"elementor-widget-container\">\n\t\t\t\t\t\t\t<div class=\"elementor-image-carousel-wrapper swiper\" role=\"region\" aria-roledescription=\"carousel\" aria-label=\"Carrossel de imagens\" dir=\"ltr\">\n\t\t\t<div class=\"elementor-image-carousel swiper-wrapper\" aria-live=\"off\">\n\t\t\t\t\t\t\t\t<div class=\"swiper-slide\" role=\"group\" aria-roledescription=\"slide\" aria-label=\"1 of 1\"><figure class=\"swiper-slide-inner\"><img decoding=\"async\" class=\"swiper-slide-image\" src=\"https:\/\/dnbe.com.br\/wp-content\/uploads\/2023\/01\/Inserir-um-titulo-2.jpg\" alt=\"Inserir um t\u00edtulo (2)\" \/><\/figure><\/div>\t\t\t<\/div>\n\t\t\t\t\t<\/div>\n\t\t\t\t\t\t<\/div>\n\t\t\t\t<\/div>\n\t\t\t\t\t<\/div>\n\t\t<\/div>\n\t\t\t\t\t<\/div>\n\t\t<\/section>\n\t\t\t\t<section class=\"elementor-section elementor-top-section elementor-element elementor-element-18c68a0 elementor-section-boxed elementor-section-height-default elementor-section-height-default wpr-particle-no wpr-jarallax-no wpr-parallax-no wpr-sticky-section-no wpr-equal-height-no\" data-id=\"18c68a0\" data-element_type=\"section\" data-e-type=\"section\">\n\t\t\t\t\t\t<div class=\"elementor-container elementor-column-gap-default\">\n\t\t\t\t\t<div class=\"elementor-column elementor-col-100 elementor-top-column elementor-element elementor-element-056c638\" data-id=\"056c638\" data-element_type=\"column\" data-e-type=\"column\">\n\t\t\t<div class=\"elementor-widget-wrap elementor-element-populated\">\n\t\t\t\t\t\t<div class=\"elementor-element elementor-element-7ca5c18 elementor-widget elementor-widget-heading\" data-id=\"7ca5c18\" data-element_type=\"widget\" data-e-type=\"widget\" data-widget_type=\"heading.default\">\n\t\t\t\t<div class=\"elementor-widget-container\">\n\t\t\t\t\t<h1 class=\"elementor-heading-title elementor-size-default\">Ca\u00e7a Vazamentos de Ar Comprimido\n<\/h1>\t\t\t\t<\/div>\n\t\t\t\t<\/div>\n\t\t\t\t<div class=\"elementor-element elementor-element-941880e elementor-widget elementor-widget-heading\" data-id=\"941880e\" data-element_type=\"widget\" data-e-type=\"widget\" data-widget_type=\"heading.default\">\n\t\t\t\t<div class=\"elementor-widget-container\">\n\t\t\t\t\t<h2 class=\"elementor-heading-title elementor-size-default\">O impacto dos vazamentos nos custos energ\u00e9ticos e na sua produ\u00e7\u00e3o.<\/h2>\t\t\t\t<\/div>\n\t\t\t\t<\/div>\n\t\t\t\t\t<\/div>\n\t\t<\/div>\n\t\t\t\t\t<\/div>\n\t\t<\/section>\n\t\t\t\t<section class=\"elementor-section elementor-top-section elementor-element elementor-element-b3ed4d7 elementor-section-boxed elementor-section-height-default elementor-section-height-default wpr-particle-no wpr-jarallax-no wpr-parallax-no wpr-sticky-section-no wpr-equal-height-no\" data-id=\"b3ed4d7\" data-element_type=\"section\" data-e-type=\"section\">\n\t\t\t\t\t\t<div class=\"elementor-container elementor-column-gap-default\">\n\t\t\t\t\t<div class=\"elementor-column elementor-col-50 elementor-top-column elementor-element elementor-element-b68bb95\" data-id=\"b68bb95\" data-element_type=\"column\" data-e-type=\"column\">\n\t\t\t<div class=\"elementor-widget-wrap elementor-element-populated\">\n\t\t\t\t\t\t<div class=\"elementor-element elementor-element-0c9b213 elementor-widget elementor-widget-text-editor\" data-id=\"0c9b213\" data-element_type=\"widget\" data-e-type=\"widget\" data-widget_type=\"text-editor.default\">\n\t\t\t\t<div class=\"elementor-widget-container\">\n\t\t\t\t\t\t\t\t\t<p>Os vazamentos s\u00e3o a principal causa de desperd\u00edcio de energia em um sistema de ar comprimido. Podem elevar seu custo de produ\u00e7\u00e3o, reduzir a disponibilidade de ar no sistema e impactar na capacidade da produ\u00e7\u00e3o.<\/p>\n<p>Tem percebido a \u201cfalta de ar comprimido\u201d para sua f\u00e1brica? Antes de investir na aquisi\u00e7\u00e3o de um novo compressor, invista na elimina\u00e7\u00e3o de vazamentos. Certamente o resultado vai surpreender.<\/p>\n<p>Al\u00e9m disso, precisando de uma auditoria energ\u00e9tica na sua linha de ar comprimido (identificar e gerir vazamentos), pode contar com a gente para isso!!!<\/p>\t\t\t\t\t\t\t\t<\/div>\n\t\t\t\t<\/div>\n\t\t\t\t\t<\/div>\n\t\t<\/div>\n\t\t\t\t<div class=\"elementor-column elementor-col-50 elementor-top-column elementor-element elementor-element-a7c21ec\" data-id=\"a7c21ec\" data-element_type=\"column\" data-e-type=\"column\">\n\t\t\t<div class=\"elementor-widget-wrap elementor-element-populated\">\n\t\t\t\t\t\t<div class=\"elementor-element elementor-element-7d689eb elementor-widget elementor-widget-image\" data-id=\"7d689eb\" data-element_type=\"widget\" data-e-type=\"widget\" data-widget_type=\"image.default\">\n\t\t\t\t<div class=\"elementor-widget-container\">\n\t\t\t\t\t\t\t\t\t\t\t\t\t\t\t<img decoding=\"async\" width=\"300\" height=\"162\" src=\"https:\/\/dnbe.com.br\/wp-content\/uploads\/2023\/01\/vazamento1-1-300x162-1.jpeg\" class=\"attachment-large size-large wp-image-8358\" alt=\"\" \/>\t\t\t\t\t\t\t\t\t\t\t\t\t\t\t<\/div>\n\t\t\t\t<\/div>\n\t\t\t\t\t<\/div>\n\t\t<\/div>\n\t\t\t\t\t<\/div>\n\t\t<\/section>\n\t\t\t\t<section class=\"elementor-section elementor-top-section elementor-element elementor-element-2a59f15 elementor-section-boxed elementor-section-height-default elementor-section-height-default wpr-particle-no wpr-jarallax-no wpr-parallax-no wpr-sticky-section-no wpr-equal-height-no\" data-id=\"2a59f15\" data-element_type=\"section\" data-e-type=\"section\">\n\t\t\t\t\t\t<div class=\"elementor-container elementor-column-gap-default\">\n\t\t\t\t\t<div class=\"elementor-column elementor-col-100 elementor-top-column elementor-element elementor-element-8481f61\" data-id=\"8481f61\" data-element_type=\"column\" data-e-type=\"column\">\n\t\t\t<div class=\"elementor-widget-wrap elementor-element-populated\">\n\t\t\t\t\t\t<div class=\"elementor-element elementor-element-82a0c66 elementor-widget elementor-widget-heading\" data-id=\"82a0c66\" data-element_type=\"widget\" data-e-type=\"widget\" data-widget_type=\"heading.default\">\n\t\t\t\t<div class=\"elementor-widget-container\">\n\t\t\t\t\t<h2 class=\"elementor-heading-title elementor-size-default\">N\u00f3s ajudamos voc\u00ea a reduzir o consumo de energia de sua f\u00e1brica!!!\n<\/h2>\t\t\t\t<\/div>\n\t\t\t\t<\/div>\n\t\t\t\t\t<\/div>\n\t\t<\/div>\n\t\t\t\t\t<\/div>\n\t\t<\/section>\n\t\t\t\t<section class=\"elementor-section elementor-top-section elementor-element elementor-element-b6e8f6e elementor-section-boxed elementor-section-height-default elementor-section-height-default wpr-particle-no wpr-jarallax-no wpr-parallax-no wpr-sticky-section-no wpr-equal-height-no\" data-id=\"b6e8f6e\" data-element_type=\"section\" data-e-type=\"section\">\n\t\t\t\t\t\t<div class=\"elementor-container elementor-column-gap-default\">\n\t\t\t\t\t<div class=\"elementor-column elementor-col-33 elementor-top-column elementor-element elementor-element-86e47fb\" data-id=\"86e47fb\" data-element_type=\"column\" data-e-type=\"column\" data-settings=\"{&quot;background_background&quot;:&quot;classic&quot;}\">\n\t\t\t<div class=\"elementor-widget-wrap elementor-element-populated\">\n\t\t\t\t\t\t<div class=\"elementor-element elementor-element-9b80993 elementor-widget elementor-widget-text-editor\" data-id=\"9b80993\" data-element_type=\"widget\" data-e-type=\"widget\" data-widget_type=\"text-editor.default\">\n\t\t\t\t<div class=\"elementor-widget-container\">\n\t\t\t\t\t\t\t\t\t<p><strong>Voc\u00ea sabe qual maior motor el\u00e9trico instalado em sua f\u00e1brica?<\/strong><\/p>\n<p>Frequentemente o maior motor ou a soma das pot\u00eancias de motores de compressores de ar resultam em alto consumo de energia de uma instala\u00e7\u00e3o, trazendo assim grande oportunidade de redu\u00e7\u00e3o da conta de energia.&nbsp;<\/p><p>Uma das formas de reduzir o consumo de compressores \u00e9 realizar periodicamente uma auditoria de ca\u00e7a vazamentos, que al\u00e9m de aumentar a produtividade da sua opera\u00e7\u00e3o, ir\u00e1 diminuir o consumo energ\u00e9tico dos compressores e a sua conta de energia pode ter at\u00e9 30% redu\u00e7\u00e3o.<\/p>\t\t\t\t\t\t\t\t<\/div>\n\t\t\t\t<\/div>\n\t\t\t\t<div class=\"elementor-element elementor-element-0ce5cb2 elementor-widget elementor-widget-image\" data-id=\"0ce5cb2\" data-element_type=\"widget\" data-e-type=\"widget\" data-widget_type=\"image.default\">\n\t\t\t\t<div class=\"elementor-widget-container\">\n\t\t\t\t\t\t\t\t\t\t\t\t\t\t\t<img fetchpriority=\"high\" decoding=\"async\" width=\"800\" height=\"642\" src=\"https:\/\/dnbe.com.br\/wp-content\/uploads\/2023\/01\/WhatsApp-Image-2023-01-03-at-14.19.13-1024x822.jpeg\" class=\"attachment-large size-large wp-image-8357\" alt=\"\" srcset=\"https:\/\/dnbe.com.br\/wp-content\/uploads\/2023\/01\/WhatsApp-Image-2023-01-03-at-14.19.13-1024x822.jpeg 1024w, https:\/\/dnbe.com.br\/wp-content\/uploads\/2023\/01\/WhatsApp-Image-2023-01-03-at-14.19.13-300x241.jpeg 300w, https:\/\/dnbe.com.br\/wp-content\/uploads\/2023\/01\/WhatsApp-Image-2023-01-03-at-14.19.13-768x617.jpeg 768w, https:\/\/dnbe.com.br\/wp-content\/uploads\/2023\/01\/WhatsApp-Image-2023-01-03-at-14.19.13.jpeg 1085w\" sizes=\"(max-width: 800px) 100vw, 800px\" \/>\t\t\t\t\t\t\t\t\t\t\t\t\t\t\t<\/div>\n\t\t\t\t<\/div>\n\t\t\t\t\t<\/div>\n\t\t<\/div>\n\t\t\t\t<div class=\"elementor-column elementor-col-33 elementor-top-column elementor-element elementor-element-c976ba7\" data-id=\"c976ba7\" data-element_type=\"column\" data-e-type=\"column\">\n\t\t\t<div class=\"elementor-widget-wrap\">\n\t\t\t\t\t\t\t<\/div>\n\t\t<\/div>\n\t\t\t\t<div class=\"elementor-column elementor-col-33 elementor-top-column elementor-element elementor-element-fd4be53\" data-id=\"fd4be53\" data-element_type=\"column\" data-e-type=\"column\" data-settings=\"{&quot;background_background&quot;:&quot;classic&quot;}\">\n\t\t\t<div class=\"elementor-widget-wrap elementor-element-populated\">\n\t\t\t\t\t\t<div class=\"elementor-element elementor-element-8635b4d elementor-widget elementor-widget-image\" data-id=\"8635b4d\" data-element_type=\"widget\" data-e-type=\"widget\" data-widget_type=\"image.default\">\n\t\t\t\t<div class=\"elementor-widget-container\">\n\t\t\t\t\t\t\t\t\t\t\t\t\t\t\t<img decoding=\"async\" width=\"800\" height=\"800\" src=\"https:\/\/dnbe.com.br\/wp-content\/uploads\/2023\/01\/WhatsApp-Image-2023-01-05-at-18.04.51-1024x1024.jpeg\" class=\"attachment-large size-large wp-image-8452\" alt=\"\" srcset=\"https:\/\/dnbe.com.br\/wp-content\/uploads\/2023\/01\/WhatsApp-Image-2023-01-05-at-18.04.51-1024x1024.jpeg 1024w, https:\/\/dnbe.com.br\/wp-content\/uploads\/2023\/01\/WhatsApp-Image-2023-01-05-at-18.04.51-300x300.jpeg 300w, https:\/\/dnbe.com.br\/wp-content\/uploads\/2023\/01\/WhatsApp-Image-2023-01-05-at-18.04.51-150x150.jpeg 150w, https:\/\/dnbe.com.br\/wp-content\/uploads\/2023\/01\/WhatsApp-Image-2023-01-05-at-18.04.51-768x768.jpeg 768w, https:\/\/dnbe.com.br\/wp-content\/uploads\/2023\/01\/WhatsApp-Image-2023-01-05-at-18.04.51.jpeg 1080w\" sizes=\"(max-width: 800px) 100vw, 800px\" \/>\t\t\t\t\t\t\t\t\t\t\t\t\t\t\t<\/div>\n\t\t\t\t<\/div>\n\t\t\t\t<div class=\"elementor-element elementor-element-f2a49d8 elementor-widget elementor-widget-heading\" data-id=\"f2a49d8\" data-element_type=\"widget\" data-e-type=\"widget\" data-widget_type=\"heading.default\">\n\t\t\t\t<div class=\"elementor-widget-container\">\n\t\t\t\t\t<h2 class=\"elementor-heading-title elementor-size-default\">Solicite um or\u00e7amento<\/h2>\t\t\t\t<\/div>\n\t\t\t\t<\/div>\n\t\t\t\t<div class=\"elementor-element elementor-element-71ec7e0 elementor-button-align-center elementor-widget elementor-widget-form\" data-id=\"71ec7e0\" data-element_type=\"widget\" data-e-type=\"widget\" data-settings=\"{&quot;step_next_label&quot;:&quot;Enviar&quot;,&quot;step_previous_label&quot;:&quot;Anterior&quot;,&quot;button_width&quot;:&quot;100&quot;,&quot;step_type&quot;:&quot;number_text&quot;,&quot;step_icon_shape&quot;:&quot;circle&quot;}\" data-widget_type=\"form.default\">\n\t\t\t\t<div class=\"elementor-widget-container\">\n\t\t\t\t\t\t\t<form class=\"elementor-form\" method=\"post\" name=\"Ca\u00e7a Vazamentos\">\n\t\t\t<input type=\"hidden\" name=\"post_id\" value=\"8352\"\/>\n\t\t\t<input type=\"hidden\" name=\"form_id\" value=\"71ec7e0\"\/>\n\t\t\t<input type=\"hidden\" name=\"referer_title\" value=\"\" \/>\n\n\t\t\t\n\t\t\t<div class=\"elementor-form-fields-wrapper elementor-labels-above\">\n\t\t\t\t\t\t\t\t<div class=\"elementor-field-type-text elementor-field-group elementor-column elementor-field-group-name elementor-col-50\">\n\t\t\t\t\t\t\t\t\t\t\t\t\t<input size=\"1\" type=\"text\" name=\"form_fields[name]\" id=\"form-field-name\" class=\"elementor-field elementor-size-sm  elementor-field-textual\" placeholder=\"Nome\">\n\t\t\t\t\t\t\t\t\t\t\t<\/div>\n\t\t\t\t\t\t\t\t<div class=\"elementor-field-type-text elementor-field-group elementor-column elementor-field-group-field_d50125d elementor-col-50\">\n\t\t\t\t\t\t\t\t\t\t\t\t\t<input size=\"1\" type=\"text\" name=\"form_fields[field_d50125d]\" id=\"form-field-field_d50125d\" class=\"elementor-field elementor-size-sm  elementor-field-textual\" placeholder=\"Empresa\">\n\t\t\t\t\t\t\t\t\t\t\t<\/div>\n\t\t\t\t\t\t\t\t<div class=\"elementor-field-type-email elementor-field-group elementor-column elementor-field-group-email elementor-col-60 elementor-field-required\">\n\t\t\t\t\t\t\t\t\t\t\t\t\t<input size=\"1\" type=\"email\" name=\"form_fields[email]\" id=\"form-field-email\" class=\"elementor-field elementor-size-sm  elementor-field-textual\" placeholder=\"Email\" required=\"required\" aria-required=\"true\">\n\t\t\t\t\t\t\t\t\t\t\t<\/div>\n\t\t\t\t\t\t\t\t<div class=\"elementor-field-type-tel elementor-field-group elementor-column elementor-field-group-field_8383328 elementor-col-40 elementor-field-required\">\n\t\t\t\t\t\t\t<input size=\"1\" type=\"tel\" name=\"form_fields[field_8383328]\" id=\"form-field-field_8383328\" class=\"elementor-field elementor-size-sm  elementor-field-textual\" placeholder=\"Telefone\" required=\"required\" aria-required=\"true\" pattern=\"[0-9()#&amp;+*-=.]+\" title=\"Only numbers and phone characters (#, -, *, etc) are accepted.\">\n\n\t\t\t\t\t\t<\/div>\n\t\t\t\t\t\t\t\t<div class=\"elementor-field-type-textarea elementor-field-group elementor-column elementor-field-group-message elementor-col-100\">\n\t\t\t\t\t<textarea class=\"elementor-field-textual elementor-field  elementor-size-sm\" name=\"form_fields[message]\" id=\"form-field-message\" rows=\"4\" placeholder=\"Messagem\"><\/textarea>\t\t\t\t<\/div>\n\t\t\t\t\t\t\t\t<div class=\"elementor-field-group elementor-column elementor-field-type-submit elementor-col-100 e-form__buttons\">\n\t\t\t\t\t<button class=\"elementor-button elementor-size-sm\" type=\"submit\">\n\t\t\t\t\t\t<span class=\"elementor-button-content-wrapper\">\n\t\t\t\t\t\t\t\t\t\t\t\t\t\t\t\t\t\t\t\t\t\t<span class=\"elementor-button-text\">Enviar<\/span>\n\t\t\t\t\t\t\t\t\t\t\t\t\t<\/span>\n\t\t\t\t\t<\/button>\n\t\t\t\t<\/div>\n\t\t\t<\/div>\n\t\t<\/form>\n\t\t\t\t\t\t<\/div>\n\t\t\t\t<\/div>\n\t\t\t\t\t<\/div>\n\t\t<\/div>\n\t\t\t\t\t<\/div>\n\t\t<\/section>\n\t\t\t\t<section class=\"elementor-section elementor-top-section elementor-element elementor-element-57c6f95 elementor-section-boxed elementor-section-height-default elementor-section-height-default wpr-particle-no wpr-jarallax-no wpr-parallax-no wpr-sticky-section-no wpr-equal-height-no\" data-id=\"57c6f95\" data-element_type=\"section\" data-e-type=\"section\">\n\t\t\t\t\t\t<div class=\"elementor-container elementor-column-gap-default\">\n\t\t\t\t\t<div class=\"elementor-column elementor-col-50 elementor-top-column elementor-element elementor-element-e3bd085\" data-id=\"e3bd085\" data-element_type=\"column\" data-e-type=\"column\">\n\t\t\t<div class=\"elementor-widget-wrap elementor-element-populated\">\n\t\t\t\t\t\t<div class=\"elementor-element elementor-element-377a257 elementor-widget elementor-widget-image\" data-id=\"377a257\" data-element_type=\"widget\" data-e-type=\"widget\" data-widget_type=\"image.default\">\n\t\t\t\t<div class=\"elementor-widget-container\">\n\t\t\t\t\t\t\t\t\t\t\t\t\t\t\t<img loading=\"lazy\" decoding=\"async\" width=\"360\" height=\"357\" src=\"https:\/\/dnbe.com.br\/wp-content\/uploads\/2023\/01\/Capturar.jpg\" class=\"attachment-large size-large wp-image-8359\" alt=\"\" srcset=\"https:\/\/dnbe.com.br\/wp-content\/uploads\/2023\/01\/Capturar.jpg 360w, https:\/\/dnbe.com.br\/wp-content\/uploads\/2023\/01\/Capturar-300x298.jpg 300w, https:\/\/dnbe.com.br\/wp-content\/uploads\/2023\/01\/Capturar-150x150.jpg 150w\" sizes=\"(max-width: 360px) 100vw, 360px\" \/>\t\t\t\t\t\t\t\t\t\t\t\t\t\t\t<\/div>\n\t\t\t\t<\/div>\n\t\t\t\t<div class=\"elementor-element elementor-element-d814ada elementor-widget elementor-widget-heading\" data-id=\"d814ada\" data-element_type=\"widget\" data-e-type=\"widget\" data-widget_type=\"heading.default\">\n\t\t\t\t<div class=\"elementor-widget-container\">\n\t\t\t\t\t<h1 class=\"elementor-heading-title elementor-size-default\">Detector Ultra-s\u00f4nico<\/h1>\t\t\t\t<\/div>\n\t\t\t\t<\/div>\n\t\t\t\t<div class=\"elementor-element elementor-element-6f895d6 elementor-widget elementor-widget-spacer\" data-id=\"6f895d6\" data-element_type=\"widget\" data-e-type=\"widget\" data-widget_type=\"spacer.default\">\n\t\t\t\t<div class=\"elementor-widget-container\">\n\t\t\t\t\t\t\t<div class=\"elementor-spacer\">\n\t\t\t<div class=\"elementor-spacer-inner\"><\/div>\n\t\t<\/div>\n\t\t\t\t\t\t<\/div>\n\t\t\t\t<\/div>\n\t\t\t\t\t<\/div>\n\t\t<\/div>\n\t\t\t\t<div class=\"elementor-column elementor-col-50 elementor-top-column elementor-element elementor-element-a3b5824\" data-id=\"a3b5824\" data-element_type=\"column\" data-e-type=\"column\">\n\t\t\t<div class=\"elementor-widget-wrap elementor-element-populated\">\n\t\t\t\t\t\t<div class=\"elementor-element elementor-element-0569dfc elementor-widget elementor-widget-text-editor\" data-id=\"0569dfc\" data-element_type=\"widget\" data-e-type=\"widget\" data-widget_type=\"text-editor.default\">\n\t\t\t\t<div class=\"elementor-widget-container\">\n\t\t\t\t\t\t\t\t\t<p>Uma vez que os vazamentos de ar s\u00e3o praticamente imposs\u00edveis de ver, equipamentos espec\u00edficos devem ser usados para localiz\u00e1-los. A melhor maneira de detectar vazamentos \u00e9 usar um detector ultra-s\u00f4nico, que reconhece os sons de alta freq\u00fc\u00eancia associados a vazamentos de ar. O princ\u00edpio por tr\u00e1s da detec\u00e7\u00e3o de vazamento ultra-s\u00f4nico \u00e9 simples e efetivo, gerando uma grande economia de energia e mais confiabilidade para o sistema de ar comprimido.<\/p>\t\t\t\t\t\t\t\t<\/div>\n\t\t\t\t<\/div>\n\t\t\t\t\t<\/div>\n\t\t<\/div>\n\t\t\t\t\t<\/div>\n\t\t<\/section>\n\t\t\t\t<\/div>\n\t\t","protected":false},"excerpt":{"rendered":"<p>Ca\u00e7a Vazamentos de Ar Comprimido O impacto dos vazamentos nos custos energ\u00e9ticos e na sua produ\u00e7\u00e3o. Os vazamentos s\u00e3o a principal causa de desperd\u00edcio de energia em um sistema de ar comprimido. Podem elevar seu custo de produ\u00e7\u00e3o, reduzir a disponibilidade de ar no sistema e impactar na capacidade da produ\u00e7\u00e3o. Tem percebido a \u201cfalta de ar comprimido\u201d para sua f\u00e1brica? Antes de investir na aquisi\u00e7\u00e3o de um novo compressor, invista na elimina\u00e7\u00e3o de vazamentos. Certamente o resultado vai surpreender. Al\u00e9m disso, precisando de uma auditoria energ\u00e9tica na sua linha de ar comprimido (identificar e gerir vazamentos), pode contar com a gente para isso!!! N\u00f3s ajudamos voc\u00ea a reduzir o consumo de energia de sua f\u00e1brica!!! Voc\u00ea sabe qual maior motor el\u00e9trico instalado em sua f\u00e1brica? Frequentemente o maior motor ou a soma das pot\u00eancias de motores de compressores de ar resultam em alto consumo de energia de uma instala\u00e7\u00e3o, trazendo assim grande oportunidade de redu\u00e7\u00e3o da conta de energia.&nbsp; Uma das formas de reduzir o consumo de compressores \u00e9 realizar periodicamente uma auditoria de ca\u00e7a vazamentos, que al\u00e9m de aumentar a produtividade da sua opera\u00e7\u00e3o, ir\u00e1 diminuir o consumo energ\u00e9tico dos compressores e a sua conta de energia pode ter at\u00e9 30% redu\u00e7\u00e3o. Solicite um or\u00e7amento Detector Ultra-s\u00f4nico Uma vez que os vazamentos de ar s\u00e3o praticamente imposs\u00edveis de ver, equipamentos espec\u00edficos devem ser usados para localiz\u00e1-los. A melhor maneira de detectar vazamentos \u00e9 usar um detector ultra-s\u00f4nico, que reconhece os sons de alta freq\u00fc\u00eancia associados a vazamentos de ar. O princ\u00edpio por tr\u00e1s da detec\u00e7\u00e3o de vazamento ultra-s\u00f4nico \u00e9 simples e efetivo, gerando uma grande economia de energia e mais confiabilidade para o sistema de ar comprimido.<\/p>\n","protected":false},"author":1,"featured_media":0,"parent":0,"menu_order":0,"comment_status":"closed","ping_status":"closed","template":"","meta":{"footnotes":""},"class_list":["post-8352","page","type-page","status-publish","hentry"],"_links":{"self":[{"href":"https:\/\/dnbe.com.br\/home\/wp-json\/wp\/v2\/pages\/8352","targetHints":{"allow":["GET"]}}],"collection":[{"href":"https:\/\/dnbe.com.br\/home\/wp-json\/wp\/v2\/pages"}],"about":[{"href":"https:\/\/dnbe.com.br\/home\/wp-json\/wp\/v2\/types\/page"}],"author":[{"embeddable":true,"href":"https:\/\/dnbe.com.br\/home\/wp-json\/wp\/v2\/users\/1"}],"replies":[{"embeddable":true,"href":"https:\/\/dnbe.com.br\/home\/wp-json\/wp\/v2\/comments?post=8352"}],"version-history":[{"count":94,"href":"https:\/\/dnbe.com.br\/home\/wp-json\/wp\/v2\/pages\/8352\/revisions"}],"predecessor-version":[{"id":13236,"href":"https:\/\/dnbe.com.br\/home\/wp-json\/wp\/v2\/pages\/8352\/revisions\/13236"}],"wp:attachment":[{"href":"https:\/\/dnbe.com.br\/home\/wp-json\/wp\/v2\/media?parent=8352"}],"curies":[{"name":"wp","href":"https:\/\/api.w.org\/{rel}","templated":true}]}}